{"id":5,"date":"2018-08-08T14:27:07","date_gmt":"2018-08-08T12:27:07","guid":{"rendered":"http:\/\/test.hautmalerei.de\/atelier\/?page_id=5"},"modified":"2026-03-01T17:49:28","modified_gmt":"2026-03-01T16:49:28","slug":"start","status":"publish","type":"page","link":"https:\/\/www.hautmalerei.de\/atelier\/","title":{"rendered":"Start"},"content":{"rendered":"<p>[et_pb_section fb_built=&#8220;1&#8243; fullwidth=&#8220;on&#8220; custom_padding_last_edited=&#8220;on|desktop&#8220; _builder_version=&#8220;4.16&#8243; background_image=&#8220;http:\/\/www.hautmalerei.de\/atelier\/wp-content\/uploads\/sites\/3\/2021\/09\/2Z9A7561.jpg&#8220; parallax=&#8220;on&#8220; min_height=&#8220;443px&#8220; custom_padding=&#8220;278px||390px|||&#8220; custom_padding_tablet=&#8220;50px|0|50px|0&#8243; custom_padding_phone=&#8220;&#8220; global_colors_info=&#8220;{}&#8220;][\/et_pb_section][et_pb_section fb_built=&#8220;1&#8243; custom_padding_last_edited=&#8220;on|desktop&#8220; admin_label=&#8220;section&#8220; module_id=&#8220;start&#8220; _builder_version=&#8220;4.16&#8243; min_height=&#8220;297px&#8220; custom_padding=&#8220;50px||5px|||&#8220; custom_padding_tablet=&#8220;50px|0|50px|0&#8243; custom_padding_phone=&#8220;0px|0px|0px|0px&#8220; global_colors_info=&#8220;{}&#8220;][et_pb_row column_padding_mobile=&#8220;on&#8220; admin_label=&#8220;row&#8220; _builder_version=&#8220;4.16&#8243; background_size=&#8220;initial&#8220; background_position=&#8220;top_left&#8220; background_repeat=&#8220;repeat&#8220; custom_padding=&#8220;10px||0px|&#8220; global_colors_info=&#8220;{}&#8220;][et_pb_column type=&#8220;4_4&#8243; _builder_version=&#8220;4.16&#8243; custom_padding=&#8220;|||&#8220; global_colors_info=&#8220;{}&#8220; custom_padding__hover=&#8220;|||&#8220;][et_pb_text _builder_version=&#8220;4.16&#8243; text_font_size=&#8220;16px&#8220; text_line_height=&#8220;2em&#8220; background_size=&#8220;initial&#8220; background_position=&#8220;top_left&#8220; background_repeat=&#8220;repeat&#8220; text_orientation=&#8220;center&#8220; max_width=&#8220;70%&#8220; module_alignment=&#8220;center&#8220; use_border_color=&#8220;off&#8220; global_colors_info=&#8220;{}&#8220;]<\/p>\n<h1>Willkommen beim H\u00fctm\u00f4lar.<\/h1>\n<p>Daniel Bensmann malt seine Bilder mit Tusche, Feder und Pinsel. Allerdings nicht auf Papier oder Leinwand, sondern auf Haut. Tierhaut, um genau zu sein \u2014 von Rehen, Hirschen und Rindern. Die H\u00e4ute stammen aus den W\u00e4ldern des Ostrachtals sowie aus der Haltung Regionaler Landwirte. Bensmann ist J\u00e4ger und verarbeitet die H\u00e4ute vom erlegen bis zum fertigen Malgrund selbst.<\/p>\n<p>&nbsp;<br \/>\n[\/et_pb_text][\/et_pb_column][\/et_pb_row][\/et_pb_section][et_pb_section fb_built=&#8220;1&#8243; _builder_version=&#8220;4.16&#8243; background_color=&#8220;rgba(255,255,255,0)&#8220; background_image=&#8220;http:\/\/www.hautmalerei.de\/atelier\/wp-content\/uploads\/sites\/3\/2021\/09\/2Z9A7722.jpg&#8220; parallax=&#8220;on&#8220; parallax_method=&#8220;off&#8220; custom_padding=&#8220;180px||150px|||&#8220; global_colors_info=&#8220;{}&#8220;][et_pb_row _builder_version=&#8220;4.16&#8243; global_colors_info=&#8220;{}&#8220;][et_pb_column type=&#8220;4_4&#8243; _builder_version=&#8220;4.16&#8243; custom_padding=&#8220;|||&#8220; global_colors_info=&#8220;{}&#8220; custom_padding__hover=&#8220;|||&#8220;][et_pb_text admin_label=&#8220;Zitat&#8220; _builder_version=&#8220;4.16&#8243; text_font_size=&#8220;18&#8243; text_line_height=&#8220;2em&#8220; background_color=&#8220;rgba(0,0,0,0.28)&#8220; background_size=&#8220;initial&#8220; background_repeat=&#8220;repeat&#8220; text_orientation=&#8220;center&#8220; background_layout=&#8220;dark&#8220; max_width=&#8220;70%&#8220; module_alignment=&#8220;center&#8220; custom_padding=&#8220;20px|20px|20px|20px&#8220; use_border_color=&#8220;off&#8220; global_colors_info=&#8220;{}&#8220;]Malen, die Freiheit die Dinge so darzustellen wie man sie selbst sieht.<br \/>\n[\/et_pb_text][\/et_pb_column][\/et_pb_row][\/et_pb_section][et_pb_section fb_built=&#8220;1&#8243; custom_padding_last_edited=&#8220;on|phone&#8220; admin_label=&#8220;section&#8220; module_id=&#8220;start&#8220; _builder_version=&#8220;4.16&#8243; custom_padding=&#8220;0px||50px|&#8220; custom_padding_tablet=&#8220;50px|0|50px|0&#8243; custom_padding_phone=&#8220;0px|0px|0px|0px&#8220; global_colors_info=&#8220;{}&#8220;][et_pb_row column_padding_mobile=&#8220;on&#8220; admin_label=&#8220;row&#8220; _builder_version=&#8220;4.16&#8243; background_size=&#8220;initial&#8220; background_position=&#8220;top_left&#8220; background_repeat=&#8220;repeat&#8220; custom_padding=&#8220;50px||0px|&#8220; global_colors_info=&#8220;{}&#8220;][et_pb_column type=&#8220;4_4&#8243; _builder_version=&#8220;4.16&#8243; custom_padding=&#8220;|||&#8220; global_colors_info=&#8220;{}&#8220; custom_padding__hover=&#8220;|||&#8220;][et_pb_text _builder_version=&#8220;4.24.0&#8243; text_font_size=&#8220;16px&#8220; text_line_height=&#8220;2em&#8220; background_size=&#8220;initial&#8220; background_position=&#8220;top_left&#8220; background_repeat=&#8220;repeat&#8220; text_orientation=&#8220;center&#8220; max_width=&#8220;70%&#8220; module_alignment=&#8220;center&#8220; hover_enabled=&#8220;0&#8243; use_border_color=&#8220;off&#8220; global_colors_info=&#8220;{}&#8220; sticky_enabled=&#8220;0&#8243;]<\/p>\n<h1>Ausstellungen:<\/h1>\n<p>&nbsp;<\/p>\n<p><strong>Dauerausstellung H\u00fctm\u00f4lar Atelier-Galerie in Bad Hindelang<\/strong><\/p>\n<p><b>SKIN &amp; CANVAS am 19. September 2026 im Schloss Untergr\u00f6ningen<\/b><\/p>\n<p><strong><\/strong><\/p>\n<p style=\"text-align: center\">[\/et_pb_text][\/et_pb_column][\/et_pb_row][\/et_pb_section]<\/p>\n","protected":false},"excerpt":{"rendered":"<p>Willkommen beim H\u00fctm\u00f4lar. Daniel Bensmann malt seine Bilder mit Tusche, Feder und Pinsel. Allerdings nicht auf Papier oder Leinwand, sondern auf Haut. Tierhaut, um genau zu sein \u2014 von Rehen, Hirschen und Rindern. Die H\u00e4ute stammen aus den W\u00e4ldern des Ostrachtals sowie aus der Haltung Regionaler Landwirte. Bensmann ist J\u00e4ger und verarbeitet die H\u00e4ute vom [&hellip;]<\/p>\n","protected":false},"author":1,"featured_media":0,"parent":0,"menu_order":0,"comment_status":"closed","ping_status":"closed","template":"","meta":{"_et_pb_use_builder":"on","_et_pb_old_content":"<p>[et_pb_section bb_built=\"1\" fullwidth=\"on\" specialty=\"off\" transparent_background=\"off\" allow_player_pause=\"off\" inner_shadow=\"off\" parallax=\"off\" parallax_method=\"off\" padding_mobile=\"off\" make_fullwidth=\"off\" use_custom_width=\"off\" width_unit=\"on\" make_equal=\"off\" use_custom_gutter=\"off\" next_background_color=\"#000000\"][et_pb_fullwidth_slider show_arrows=\"on\" show_pagination=\"on\" auto=\"on\" auto_ignore_hover=\"off\" parallax=\"on\" parallax_method=\"on\" remove_inner_shadow=\"off\" background_position=\"default\" background_size=\"default\" hide_content_on_mobile=\"off\" hide_cta_on_mobile=\"off\" show_image_video_mobile=\"off\" custom_button=\"on\" button_letter_spacing=\"0\" button_use_icon=\"default\" button_icon_placement=\"right\" button_on_hover=\"on\" button_letter_spacing_hover=\"0\" top_padding=\"30%\" bottom_padding=\"30%\" button_bg_color=\"rgba(0,0,0,0.32)\" header_font=\"|on|||\"][et_pb_slide background_image=\"\/wp-content\/themes\/di-simple\/images\/woman-792162_1920.jpg\" background_position=\"default\" background_size=\"default\" background_color=\"#ffffff\" alignment=\"center\" background_layout=\"dark\" allow_player_pause=\"off\" header_font_select=\"default\" body_font_select=\"default\" custom_button=\"off\" button_font_select=\"default\" button_use_icon=\"default\" button_icon_placement=\"right\" button_on_hover=\"on\" heading=\"DI SIMPLE PREMIUM THEME\" button_text=\"Einfach. Genial.\" button_link=\"#start\"][\/et_pb_slide][\/et_pb_fullwidth_slider][\/et_pb_section][et_pb_section bb_built=\"1\" admin_label=\"section\" transparent_background=\"off\" allow_player_pause=\"off\" inner_shadow=\"off\" parallax=\"off\" parallax_method=\"off\" padding_mobile=\"off\" module_id=\"start\" make_fullwidth=\"off\" use_custom_width=\"off\" width_unit=\"on\" make_equal=\"off\" use_custom_gutter=\"off\" custom_padding=\"|\" prev_background_color=\"#000000\" next_background_color=\"#000000\"][et_pb_row admin_label=\"row\" make_fullwidth=\"off\" use_custom_width=\"off\" width_unit=\"on\" use_custom_gutter=\"off\" custom_padding=\"100px|50px\" padding_mobile=\"on\" allow_player_pause=\"off\" parallax=\"off\" parallax_method=\"off\" make_equal=\"off\" column_padding_mobile=\"on\"][et_pb_column type=\"4_4\"][et_pb_text background_layout=\"light\" text_orientation=\"center\" max_width=\"70%\" text_font_size=\"18\" text_line_height=\"2em\" use_border_color=\"off\" border_color=\"#ffffff\" border_style=\"solid\"]<\/p><h1>Design ist mehr als nur sch\u00f6n.<\/h1><p>Lorem ipsum dolor sit amet, consectetuer adipiscing elit. Aenean commodo ligula eget dolor. Aenean massa. Cum sociis natoque penatibus et magnis dis parturient montes, nascetur ridiculus mus. Donec quam felis, ultricies nec, pellentesque eu, pretium quis, sem. Nulla consequat massa quis enim. Donec aliquet nec, vulputate eget.<\/p><p>[\/et_pb_text][\/et_pb_column][\/et_pb_row][\/et_pb_section][et_pb_section bb_built=\"1\" admin_label=\"section\" transparent_background=\"off\" allow_player_pause=\"off\" inner_shadow=\"off\" parallax=\"off\" parallax_method=\"off\" padding_mobile=\"off\" module_id=\"start\" make_fullwidth=\"off\" use_custom_width=\"off\" width_unit=\"on\" make_equal=\"off\" use_custom_gutter=\"off\" prev_background_color=\"#000000\" next_background_color=\"#757575\"][et_pb_row admin_label=\"row\"][et_pb_column type=\"4_4\"][et_pb_blog fullwidth=\"off\" posts_number=\"6\" show_thumbnail=\"on\" show_content=\"off\" show_more=\"off\" show_author=\"on\" show_date=\"on\" show_categories=\"on\" show_comments=\"on\" show_pagination=\"on\" offset_number=\"0\" background_layout=\"light\" use_dropshadow=\"off\" use_border_color=\"off\" border_color=\"#ffffff\" border_style=\"solid\" \/][\/et_pb_column][\/et_pb_row][\/et_pb_section][et_pb_section bb_built=\"1\" fullwidth=\"off\" specialty=\"off\" transparent_background=\"on\" background_color=\"#757575\" allow_player_pause=\"off\" inner_shadow=\"off\" parallax=\"on\" parallax_method=\"off\" padding_mobile=\"on\" make_fullwidth=\"off\" use_custom_width=\"off\" width_unit=\"on\" make_equal=\"off\" use_custom_gutter=\"off\" background_image=\"\/wp-content\/themes\/di-simple\/images\/typewriter-801921_1920.jpg\" custom_padding=\"150px|150px\" prev_background_color=\"#ffffff\" next_background_color=\"#ffffff\"][et_pb_row][et_pb_column type=\"4_4\"][et_pb_text admin_label=\"Zitat\" background_layout=\"dark\" text_orientation=\"center\" max_width=\"70%\" text_font_size=\"18\" text_line_height=\"2em\" use_border_color=\"off\" border_color=\"#ffffff\" border_style=\"solid\" background_color=\"rgba(0,0,0,0.28)\" custom_padding=\"20px|20px|20px|20px\"]<\/p><h1>Eine eigene ART zu denken.<\/h1><p>Lorem ipsum dolor sit amet, consectetuer adipiscing elit. Aenean commodo ligula eget dolor. Aenean massa. Cum sociis natoque penatibus et magnis dis parturient montes, nascetur ridiculus mus. Donec quam felis, ultricies nec, pellentesque eu, pretium quis, sem. Nulla consequat massa quis enim. Donec aliquet nec, vulputate eget.<\/p><p>[\/et_pb_text][\/et_pb_column][\/et_pb_row][\/et_pb_section][et_pb_section bb_built=\"1\" admin_label=\"section\" transparent_background=\"off\" allow_player_pause=\"off\" inner_shadow=\"off\" parallax=\"off\" parallax_method=\"off\" padding_mobile=\"off\" module_id=\"start\" make_fullwidth=\"off\" use_custom_width=\"off\" width_unit=\"on\" make_equal=\"off\" use_custom_gutter=\"off\" background_color=\"#ffffff\" custom_padding=\"|\" prev_background_color=\"#757575\"][et_pb_row admin_label=\"row\"][et_pb_column type=\"4_4\"][et_pb_filterable_portfolio fullwidth=\"off\" show_title=\"on\" show_categories=\"on\" show_pagination=\"on\" background_layout=\"light\" hover_overlay_color=\"rgba(255,255,255,0.9)\" use_border_color=\"off\" border_color=\"#ffffff\" border_style=\"solid\" include_categories=\"2,3\" \/][\/et_pb_column][\/et_pb_row][et_pb_row admin_label=\"row\"][et_pb_column type=\"4_4\"][et_pb_divider color=\"#000000\" show_divider=\"on\" divider_style=\"dashed\" divider_position=\"top\" divider_weight=\"2\" hide_on_mobile=\"off\" \/][\/et_pb_column][\/et_pb_row][\/et_pb_section]<\/p>","_et_gb_content_width":"","footnotes":""},"_links":{"self":[{"href":"https:\/\/www.hautmalerei.de\/atelier\/wp-json\/wp\/v2\/pages\/5"}],"collection":[{"href":"https:\/\/www.hautmalerei.de\/atelier\/wp-json\/wp\/v2\/pages"}],"about":[{"href":"https:\/\/www.hautmalerei.de\/atelier\/wp-json\/wp\/v2\/types\/page"}],"author":[{"embeddable":true,"href":"https:\/\/www.hautmalerei.de\/atelier\/wp-json\/wp\/v2\/users\/1"}],"replies":[{"embeddable":true,"href":"https:\/\/www.hautmalerei.de\/atelier\/wp-json\/wp\/v2\/comments?post=5"}],"version-history":[{"count":70,"href":"https:\/\/www.hautmalerei.de\/atelier\/wp-json\/wp\/v2\/pages\/5\/revisions"}],"predecessor-version":[{"id":1663,"href":"https:\/\/www.hautmalerei.de\/atelier\/wp-json\/wp\/v2\/pages\/5\/revisions\/1663"}],"wp:attachment":[{"href":"https:\/\/www.hautmalerei.de\/atelier\/wp-json\/wp\/v2\/media?parent=5"}],"curies":[{"name":"wp","href":"https:\/\/api.w.org\/{rel}","templated":true}]}}